{"id":640,"date":"2025-09-26T12:59:04","date_gmt":"2025-09-26T10:59:04","guid":{"rendered":"https:\/\/www.ea1fsc.es\/?page_id=640"},"modified":"2025-09-26T12:59:04","modified_gmt":"2025-09-26T10:59:04","slug":"no-disponible","status":"publish","type":"page","link":"https:\/\/www.ea1fsc.es\/en\/no-disponible\/","title":{"rendered":"Not available"},"content":{"rendered":"<p class=\"has-text-align-center\">I am sorry, but this page is not implemented yet. I am developing it, so it will be available soon.<\/p>\n\n\n\n<p class=\"has-text-align-center\">Meanwhile, you can search for other resources or come back to home.<\/p>\n\n\n\n<div style=\"height:60px\" aria-hidden=\"true\" class=\"wp-block-spacer\"><\/div>\n\n\n\n<div class=\"wp-block-buttons is-content-justification-center is-layout-flex wp-container-core-buttons-is-layout-a89b3969 wp-block-buttons-is-layout-flex\">\n<div class=\"wp-block-button\"><a class=\"wp-block-button__link has-text-align-center wp-element-button\" href=\"\/en\/\">Come back to home<\/a><\/div>\n<\/div>\n\n\n\n<div style=\"height:60px\" aria-hidden=\"true\" class=\"wp-block-spacer\"><\/div>\n\n\n<form role=\"search\" method=\"get\" action=\"https:\/\/www.ea1fsc.es\/en\/\" class=\"wp-block-search__button-outside wp-block-search__text-button wp-block-search\" data-trp-original-action=\"https:\/\/www.ea1fsc.es\/en\/\"    ><label class=\"wp-block-search__label\" for=\"wp-block-search__input-1\" >Search<\/label><div class=\"wp-block-search__inside-wrapper\" ><input class=\"wp-block-search__input\" id=\"wp-block-search__input-1\" placeholder=\"\" value=\"\" type=\"search\" name=\"s\" required \/><button aria-label=\"Search\" class=\"wp-block-search__button wp-element-button\" type=\"submit\" >Search<\/button><\/div><input type=\"hidden\" name=\"trp-form-language\" value=\"en\"\/><\/form>\n\n<ul class=\"wp-block-latest-posts__list has-dates has-author aligncenter wp-block-latest-posts\"><li><a class=\"wp-block-latest-posts__post-title\" href=\"https:\/\/www.ea1fsc.es\/en\/nueva-version-del-multi_downloader-publicada-v0-3\/\">Nueva versi\u00f3n del multi_downloader publicada (v0.3).<\/a><div class=\"wp-block-latest-posts__post-author\">by ea1fsc<\/div><time datetime=\"2026-05-07T18:45:20+02:00\" class=\"wp-block-latest-posts__post-date\">2026-05-07<\/time><div class=\"wp-block-latest-posts__post-excerpt\">Buenas tardes a todos. Ya ha pasado bastante tiempo desde la \u00faltima vez, pero aqu\u00ed estamos de nuevo con buenas noticias.Ya est\u00e1 publicada la\u00a0v0.3\u00a0del proyecto en GitHub.Sigue siendo una versi\u00f3n en evoluci\u00f3n, as\u00ed que todav\u00eda puede contener errores o comportamientos inesperados. Gracias de antemano por la paciencia y por el feedback. \ud83d\ude42 Caracter\u00edsticas de la\u2026 <a class=\"wp-block-latest-posts__read-more\" href=\"https:\/\/www.ea1fsc.es\/en\/nueva-version-del-multi_downloader-publicada-v0-3\/\" rel=\"noopener noreferrer\">Read more<span class=\"screen-reader-text\">: Nueva versi\u00f3n del multi_downloader publicada (v0.3).<\/span><\/a><\/div><\/li>\n<\/ul>","protected":false},"excerpt":{"rendered":"<p>Lo siento, pero esta p\u00e1gina no se ha implementado todav\u00eda. Estoy en proceso de desarrollo, por lo que pronto estar\u00e1 disponible. Mientras tanto, puedes buscar otros recursos o volver al inicio.<\/p>","protected":false},"author":1,"featured_media":0,"parent":0,"menu_order":0,"comment_status":"closed","ping_status":"closed","template":"","meta":{"footnotes":""},"class_list":["post-640","page","type-page","status-publish","hentry"],"_links":{"self":[{"href":"https:\/\/www.ea1fsc.es\/en\/wp-json\/wp\/v2\/pages\/640","targetHints":{"allow":["GET"]}}],"collection":[{"href":"https:\/\/www.ea1fsc.es\/en\/wp-json\/wp\/v2\/pages"}],"about":[{"href":"https:\/\/www.ea1fsc.es\/en\/wp-json\/wp\/v2\/types\/page"}],"author":[{"embeddable":true,"href":"https:\/\/www.ea1fsc.es\/en\/wp-json\/wp\/v2\/users\/1"}],"replies":[{"embeddable":true,"href":"https:\/\/www.ea1fsc.es\/en\/wp-json\/wp\/v2\/comments?post=640"}],"version-history":[{"count":1,"href":"https:\/\/www.ea1fsc.es\/en\/wp-json\/wp\/v2\/pages\/640\/revisions"}],"predecessor-version":[{"id":641,"href":"https:\/\/www.ea1fsc.es\/en\/wp-json\/wp\/v2\/pages\/640\/revisions\/641"}],"wp:attachment":[{"href":"https:\/\/www.ea1fsc.es\/en\/wp-json\/wp\/v2\/media?parent=640"}],"curies":[{"name":"wp","href":"https:\/\/api.w.org\/{rel}","templated":true}]}}