{"id":550,"date":"2025-09-25T22:28:13","date_gmt":"2025-09-25T20:28:13","guid":{"rendered":"https:\/\/www.ea1fsc.es\/?page_id=550"},"modified":"2025-10-15T16:50:04","modified_gmt":"2025-10-15T14:50:04","slug":"about","status":"publish","type":"page","link":"https:\/\/www.ea1fsc.es\/en\/about\/","title":{"rendered":"About me"},"content":{"rendered":"<div class=\"wp-block-group alignfull is-style-section-1 has-global-padding is-layout-constrained wp-container-core-group-is-layout-cdf985e3 wp-block-group-is-layout-constrained is-style-section-1--1\" style=\"min-height:100vh;margin-top:0;margin-bottom:0;padding-top:var(--wp--preset--spacing--80);padding-right:var(--wp--preset--spacing--80);padding-bottom:var(--wp--preset--spacing--80);padding-left:var(--wp--preset--spacing--80)\">\n<div class=\"wp-block-columns alignwide are-vertically-aligned-center is-layout-flex wp-container-core-columns-is-layout-643ced6b wp-block-columns-is-layout-flex\">\n<div class=\"wp-block-column is-vertically-aligned-center is-layout-flow wp-block-column-is-layout-flow\">\n<figure class=\"wp-block-image aligncenter size-full has-custom-border\"><img loading=\"lazy\" decoding=\"async\" width=\"591\" height=\"887\" src=\"https:\/\/www.ea1fsc.es\/wp-content\/uploads\/2025\/09\/120731A.jpg\" alt=\"\" class=\"wp-image-551\" style=\"border-top-left-radius:150px;border-bottom-right-radius:150px;object-fit:cover\" srcset=\"https:\/\/www.ea1fsc.es\/wp-content\/uploads\/2025\/09\/120731A.jpg 591w, https:\/\/www.ea1fsc.es\/wp-content\/uploads\/2025\/09\/120731A-200x300.jpg 200w\" sizes=\"auto, (max-width: 591px) 100vw, 591px\" \/><\/figure>\n<\/div>\n\n\n\n<div class=\"wp-block-column is-vertically-aligned-center is-layout-flow wp-block-column-is-layout-flow\">\n<div class=\"wp-block-group is-vertical is-content-justification-stretch is-layout-flex wp-container-core-group-is-layout-353c4f5a wp-block-group-is-layout-flex\">\n<h2 class=\"wp-block-heading has-text-align-left\">Juan G\u00f3mez L\u00f3pez<\/h2>\n\n\n\n<p>My name is Juan, and I hold a Technical Telecommunications Engineering degree from the University of Valladolid. I\u2019m originally from Palencia, Spain, and I\u2019ve been an amateur radio operator since 2023.<\/p>\n\n\n\n<p>I started in amateur radio with the callsign EA1FSC (Spain) in May 2023, and since I\u2019m currently living in Lille, France, I also operate under F4VWW, as well as with other callsigns such as the U.S. one, KO6KSC.<\/p>\n\n\n\n<p>I work at GRASP SAS Space Services, a company in the Earth observation sector, as a data analyst and software developer.<\/p>\n\n\n\n<div class=\"wp-block-columns is-layout-flex wp-container-core-columns-is-layout-28f84493 wp-block-columns-is-layout-flex\">\n<div class=\"wp-block-column is-layout-flow wp-block-column-is-layout-flow\">\n<figure class=\"wp-block-image size-full\"><a href=\"https:\/\/ure.es\"><img loading=\"lazy\" decoding=\"async\" width=\"600\" height=\"600\" src=\"https:\/\/www.ea1fsc.es\/wp-content\/uploads\/2025\/09\/ure_logo.png\" alt=\"\" class=\"wp-image-552\" srcset=\"https:\/\/www.ea1fsc.es\/wp-content\/uploads\/2025\/09\/ure_logo.png 600w, https:\/\/www.ea1fsc.es\/wp-content\/uploads\/2025\/09\/ure_logo-300x300.png 300w, https:\/\/www.ea1fsc.es\/wp-content\/uploads\/2025\/09\/ure_logo-150x150.png 150w\" sizes=\"auto, (max-width: 600px) 100vw, 600px\" \/><\/a><\/figure>\n<\/div>\n\n\n\n<div class=\"wp-block-column is-layout-flow wp-block-column-is-layout-flow\">\n<figure class=\"wp-block-image aligncenter size-full\"><a href=\"https:\/\/qrz.com\/db\/ea1fsc\"><img loading=\"lazy\" decoding=\"async\" width=\"834\" height=\"828\" src=\"https:\/\/www.ea1fsc.es\/wp-content\/uploads\/2025\/09\/logo_qrz-1.png\" alt=\"\" class=\"wp-image-565\" srcset=\"https:\/\/www.ea1fsc.es\/wp-content\/uploads\/2025\/09\/logo_qrz-1.png 834w, https:\/\/www.ea1fsc.es\/wp-content\/uploads\/2025\/09\/logo_qrz-1-300x298.png 300w, https:\/\/www.ea1fsc.es\/wp-content\/uploads\/2025\/09\/logo_qrz-1-150x150.png 150w, https:\/\/www.ea1fsc.es\/wp-content\/uploads\/2025\/09\/logo_qrz-1-768x762.png 768w\" sizes=\"auto, (max-width: 834px) 100vw, 834px\" \/><\/a><\/figure>\n<\/div>\n<\/div>\n<\/div>\n<\/div>\n<\/div>\n\n\n\n<div style=\"height:38px\" aria-hidden=\"true\" class=\"wp-block-spacer\"><\/div>\n\n\n\n<div style=\"height:7px\" aria-hidden=\"true\" class=\"wp-block-spacer\"><\/div>\n\n\n\n<p class=\"has-text-align-center\">If for any reason you\u2019d like to view my CV, you can request it by clicking the button below. This will open your email client so you can send the request.<\/p>\n\n\n\n<p class=\"has-text-align-center\">If you prefer to send the request manually, you can do so by writing \u2018Solicitud CV\u2019 (as shown here, without quotes) in the subject line.<\/p>\n\n\n\n<p class=\"has-text-align-center\">In both cases, you should explain the reason for your request (in Spanish or English). This may seem a bit strict, but protecting personal data is important to me.<\/p>\n\n\n\n<p class=\"has-text-align-center\">Thank you for understanding and for your patience.<\/p>\n\n\n\n<div style=\"height:5px\" aria-hidden=\"true\" class=\"wp-block-spacer\"><\/div>\n\n\n\n<div class=\"wp-block-buttons alignwide is-content-justification-center is-layout-flex wp-container-core-buttons-is-layout-a89b3969 wp-block-buttons-is-layout-flex\">\n<div class=\"wp-block-button\"><a class=\"wp-block-button__link has-text-align-center wp-element-button\" href=\"mailto:contact@ea1fsc.es?subject=SolicitudCV\">Request my CV<\/a><\/div>\n<\/div>\n<\/div>\n\n\n\n<p><\/p>","protected":false},"excerpt":{"rendered":"<p>Juan G\u00f3mez L\u00f3pez Me llamo Juan, soy Ingeniero T\u00e9cnico de Telecomunicaciones por la Universidad de Valladolid. Natural de Palencia (Espa\u00f1a) y radioaficionado desde el 2023. Empec\u00e9 como radioaficionado con el indicativo EA1FSC (Espa\u00f1a) en mayo de 2023 y debido a que actualmente me encuentro viviendo en Lille (Francia), tambi\u00e9n opero bajo F4VWW, adem\u00e1s de otros [&hellip;]<\/p>\n","protected":false},"author":1,"featured_media":0,"parent":0,"menu_order":0,"comment_status":"closed","ping_status":"closed","template":"","meta":{"footnotes":""},"class_list":["post-550","page","type-page","status-publish","hentry"],"_links":{"self":[{"href":"https:\/\/www.ea1fsc.es\/en\/wp-json\/wp\/v2\/pages\/550","targetHints":{"allow":["GET"]}}],"collection":[{"href":"https:\/\/www.ea1fsc.es\/en\/wp-json\/wp\/v2\/pages"}],"about":[{"href":"https:\/\/www.ea1fsc.es\/en\/wp-json\/wp\/v2\/types\/page"}],"author":[{"embeddable":true,"href":"https:\/\/www.ea1fsc.es\/en\/wp-json\/wp\/v2\/users\/1"}],"replies":[{"embeddable":true,"href":"https:\/\/www.ea1fsc.es\/en\/wp-json\/wp\/v2\/comments?post=550"}],"version-history":[{"count":16,"href":"https:\/\/www.ea1fsc.es\/en\/wp-json\/wp\/v2\/pages\/550\/revisions"}],"predecessor-version":[{"id":715,"href":"https:\/\/www.ea1fsc.es\/en\/wp-json\/wp\/v2\/pages\/550\/revisions\/715"}],"wp:attachment":[{"href":"https:\/\/www.ea1fsc.es\/en\/wp-json\/wp\/v2\/media?parent=550"}],"curies":[{"name":"wp","href":"https:\/\/api.w.org\/{rel}","templated":true}]}}